{"id":1527,"date":"2021-03-11T18:17:16","date_gmt":"2021-03-11T10:17:16","guid":{"rendered":"https:\/\/get.sunquickrecipe.com\/?page_id=1527"},"modified":"2021-03-15T19:35:52","modified_gmt":"2021-03-15T11:35:52","slug":"about","status":"publish","type":"page","link":"https:\/\/get.sunquickrecipe.com\/vi\/about\/","title":{"rendered":"V\u1ec1 ch\u00fang t\u00f4i"},"content":{"rendered":"<div data-elementor-type=\"wp-page\" data-elementor-id=\"1527\" class=\"elementor elementor-1527\" data-elementor-post-type=\"page\">\n\t\t\t\t\t\t<section class=\"elementor-section elementor-top-section elementor-element elementor-element-b95d211 elementor-section-boxed elementor-section-height-default elementor-section-height-default\" data-id=\"b95d211\" data-element_type=\"section\">\n\t\t\t\t\t\t<div class=\"elementor-container elementor-column-gap-default\">\n\t\t\t\t\t<div class=\"elementor-column elementor-col-100 elementor-top-column elementor-element elementor-element-4e81254\" data-id=\"4e81254\" data-element_type=\"column\">\n\t\t\t<div class=\"elementor-widget-wrap elementor-element-populated\">\n\t\t\t\t\t\t<div class=\"elementor-element elementor-element-312e037 dce_masking-none elementor-widget elementor-widget-image\" data-id=\"312e037\" data-element_type=\"widget\" data-widget_type=\"image.default\">\n\t\t\t\t<div class=\"elementor-widget-container\">\n\t\t\t\t\t\t\t\t\t\t\t\t\t\t\t<img fetchpriority=\"high\" decoding=\"async\" width=\"581\" height=\"324\" src=\"https:\/\/get.sunquickrecipe.com\/wp-content\/uploads\/2021\/01\/logo-sunquick-international.png\" class=\"attachment-full size-full wp-image-47\" alt=\"\" srcset=\"https:\/\/get.sunquickrecipe.com\/wp-content\/uploads\/2021\/01\/logo-sunquick-international.png 581w, https:\/\/get.sunquickrecipe.com\/wp-content\/uploads\/2021\/01\/logo-sunquick-international-300x167.png 300w\" sizes=\"(max-width: 581px) 100vw, 581px\" \/>\t\t\t\t\t\t\t\t\t\t\t\t\t\t\t<\/div>\n\t\t\t\t<\/div>\n\t\t\t\t<div class=\"elementor-element elementor-element-de1b764 elementor-widget elementor-widget-spacer\" data-id=\"de1b764\" data-element_type=\"widget\" data-widget_type=\"spacer.default\">\n\t\t\t\t<div class=\"elementor-widget-container\">\n\t\t\t\t\t\t\t<div class=\"elementor-spacer\">\n\t\t\t<div class=\"elementor-spacer-inner\"><\/div>\n\t\t<\/div>\n\t\t\t\t\t\t<\/div>\n\t\t\t\t<\/div>\n\t\t\t\t\t<\/div>\n\t\t<\/div>\n\t\t\t\t\t<\/div>\n\t\t<\/section>\n\t\t\t\t<section class=\"elementor-section elementor-top-section elementor-element elementor-element-3259fa7 elementor-section-boxed elementor-section-height-default elementor-section-height-default\" data-id=\"3259fa7\" data-element_type=\"section\">\n\t\t\t\t\t\t<div class=\"elementor-container elementor-column-gap-default\">\n\t\t\t\t\t<div class=\"elementor-column elementor-col-100 elementor-top-column elementor-element elementor-element-51d12e4\" data-id=\"51d12e4\" data-element_type=\"column\">\n\t\t\t<div class=\"elementor-widget-wrap elementor-element-populated\">\n\t\t\t\t\t\t<div class=\"elementor-element elementor-element-cd814c0 elementor-widget elementor-widget-heading\" data-id=\"cd814c0\" data-element_type=\"widget\" data-widget_type=\"heading.default\">\n\t\t\t\t<div class=\"elementor-widget-container\">\n\t\t\t\t\t<h4 class=\"elementor-heading-title elementor-size-default\">Nha\u0309n hi\u00ea\u0323u qu\u1ed1c t\u1ebf<\/h4>\t\t\t\t<\/div>\n\t\t\t\t<\/div>\n\t\t\t\t<div class=\"elementor-element elementor-element-00633b2 elementor-widget elementor-widget-spacer\" data-id=\"00633b2\" data-element_type=\"widget\" data-widget_type=\"spacer.default\">\n\t\t\t\t<div class=\"elementor-widget-container\">\n\t\t\t\t\t\t\t<div class=\"elementor-spacer\">\n\t\t\t<div class=\"elementor-spacer-inner\"><\/div>\n\t\t<\/div>\n\t\t\t\t\t\t<\/div>\n\t\t\t\t<\/div>\n\t\t\t\t<div class=\"elementor-element elementor-element-4865714 elementor-widget elementor-widget-text-editor\" data-id=\"4865714\" data-element_type=\"widget\" data-widget_type=\"text-editor.default\">\n\t\t\t\t<div class=\"elementor-widget-container\">\n\t\t\t\t\t\t\t\t\t<p><strong>SUNQUICK<\/strong> \u0111\u01b0\u1ee3c l\u00e0m ra t\u1eeb n\u01b0\u1edbc \u00e9p tr\u00e1i c\u00e2y ch\u1ea5t l\u01b0\u1ee3ng cao, ch\u1ee9a nhi\u1ec1u vitamin C v\u00e0 kh\u00f4ng c\u00f3 b\u1ea5t c\u1ee9 ch\u1ea5t t\u1ea1o h\u01b0\u01a1ng v\u1ecb, m\u00e0u s\u1eafc hay l\u00e0m ng\u1ecdt nh\u00e2n t\u1ea1o n\u00e0o c\u1ea3<\/p><p>K\u1ec3 t\u1eeb khi tung ra s\u1ea3n ph\u1ea9m Sunquick \u0110\u1eadm \u0111\u1eb7c v\u00e0o n\u0103m 1966, ch\u00fang t\u00f4i \u0111\u00e3 h\u00ecnh th\u00e0nh m\u1ed9t truy\u1ec1n th\u00f4ng l\u00e2u b\u1ec1n h\u01b0\u1edbng \u0111\u1ebfn m\u1ee5c ti\u00eau \u0111a d\u1ea1ng h\u00f3a s\u1ea3n ph\u1ea9m v\u00e0 \u0111\u00e3 \u0111\u1ecbnh h\u00ecnh \u0111\u01b0\u1ee3c th\u01b0\u01a1ng hi\u1ec7u c\u1ee7a m\u00ecnh t\u1ea1i nhi\u1ec1u th\u1ecb tr\u01b0\u1eddng m\u1edbi. Ng\u00e0y nay, ch\u00fang t\u00f4i c\u00f3 m\u1eb7t t\u1ea1i h\u01a1n 70 qu\u1ed1c gia tr\u00ean n\u0103m l\u1ee5c \u0111\u1ecba, v\u1edbi m\u1ed9t danh m\u1ee5c s\u1ea3n ph\u1ea9m bao g\u1ed3m c\u00e1c lo\u1ea1i Th\u1ee9c u\u1ed1ng \u0110\u1eadm \u0111\u1eb7c, Th\u1ee9c u\u1ed1ng Chu\u1ea9n b\u1ecb s\u1eb5n (RTD) v\u00e0 Kem que.<\/p><p><span style=\"color: #ff9900;\"><a style=\"color: #ff9900;\" href=\"https:\/\/www.sunquick.com\/product-selector\/\" target=\"_blank\" rel=\"noopener\">H\u00e3y t\u00ecm hi\u1ec3u to\u00e0n danh m\u1ee5c s\u1ea3n ph\u1ea9m c\u1ee7a ch\u00fang t\u00f4i t\u1ea1i \u0111\u00e2y!<\/a><\/span><\/p>\t\t\t\t\t\t\t\t<\/div>\n\t\t\t\t<\/div>\n\t\t\t\t<section class=\"elementor-section elementor-inner-section elementor-element elementor-element-1883c29 elementor-section-boxed elementor-section-height-default elementor-section-height-default\" data-id=\"1883c29\" data-element_type=\"section\">\n\t\t\t\t\t\t<div class=\"elementor-container elementor-column-gap-default\">\n\t\t\t\t\t<div class=\"elementor-column elementor-col-33 elementor-inner-column elementor-element elementor-element-5ffdda1\" data-id=\"5ffdda1\" data-element_type=\"column\">\n\t\t\t<div class=\"elementor-widget-wrap elementor-element-populated\">\n\t\t\t\t\t\t<div class=\"elementor-element elementor-element-ece58e0 dce_masking-none elementor-widget elementor-widget-image\" data-id=\"ece58e0\" data-element_type=\"widget\" data-widget_type=\"image.default\">\n\t\t\t\t<div class=\"elementor-widget-container\">\n\t\t\t\t\t\t\t\t\t\t\t\t\t\t\t<img decoding=\"async\" width=\"500\" height=\"500\" src=\"https:\/\/get.sunquickrecipe.com\/wp-content\/uploads\/2021\/03\/sqio_004.png\" class=\"attachment-large size-large wp-image-1652\" alt=\"\" srcset=\"https:\/\/get.sunquickrecipe.com\/wp-content\/uploads\/2021\/03\/sqio_004.png 500w, https:\/\/get.sunquickrecipe.com\/wp-content\/uploads\/2021\/03\/sqio_004-300x300.png 300w, https:\/\/get.sunquickrecipe.com\/wp-content\/uploads\/2021\/03\/sqio_004-150x150.png 150w\" sizes=\"(max-width: 500px) 100vw, 500px\" \/>\t\t\t\t\t\t\t\t\t\t\t\t\t\t\t<\/div>\n\t\t\t\t<\/div>\n\t\t\t\t\t<\/div>\n\t\t<\/div>\n\t\t\t\t<div class=\"elementor-column elementor-col-33 elementor-inner-column elementor-element elementor-element-2a5f2a6\" data-id=\"2a5f2a6\" data-element_type=\"column\">\n\t\t\t<div class=\"elementor-widget-wrap elementor-element-populated\">\n\t\t\t\t\t\t<div class=\"elementor-element elementor-element-d92d2f9 dce_masking-none elementor-widget elementor-widget-image\" data-id=\"d92d2f9\" data-element_type=\"widget\" data-widget_type=\"image.default\">\n\t\t\t\t<div class=\"elementor-widget-container\">\n\t\t\t\t\t\t\t\t\t\t\t\t\t\t\t<img decoding=\"async\" width=\"500\" height=\"500\" src=\"https:\/\/get.sunquickrecipe.com\/wp-content\/uploads\/2021\/03\/sqio_002.png\" class=\"attachment-large size-large wp-image-1653\" alt=\"\" srcset=\"https:\/\/get.sunquickrecipe.com\/wp-content\/uploads\/2021\/03\/sqio_002.png 500w, https:\/\/get.sunquickrecipe.com\/wp-content\/uploads\/2021\/03\/sqio_002-300x300.png 300w, https:\/\/get.sunquickrecipe.com\/wp-content\/uploads\/2021\/03\/sqio_002-150x150.png 150w\" sizes=\"(max-width: 500px) 100vw, 500px\" \/>\t\t\t\t\t\t\t\t\t\t\t\t\t\t\t<\/div>\n\t\t\t\t<\/div>\n\t\t\t\t\t<\/div>\n\t\t<\/div>\n\t\t\t\t<div class=\"elementor-column elementor-col-33 elementor-inner-column elementor-element elementor-element-94b25bc\" data-id=\"94b25bc\" data-element_type=\"column\">\n\t\t\t<div class=\"elementor-widget-wrap elementor-element-populated\">\n\t\t\t\t\t\t<div class=\"elementor-element elementor-element-ed4259a dce_masking-none elementor-widget elementor-widget-image\" data-id=\"ed4259a\" data-element_type=\"widget\" data-widget_type=\"image.default\">\n\t\t\t\t<div class=\"elementor-widget-container\">\n\t\t\t\t\t\t\t\t\t\t\t\t\t\t\t<img loading=\"lazy\" decoding=\"async\" width=\"500\" height=\"500\" src=\"https:\/\/get.sunquickrecipe.com\/wp-content\/uploads\/2021\/03\/sqio_001.png\" class=\"attachment-large size-large wp-image-1654\" alt=\"\" srcset=\"https:\/\/get.sunquickrecipe.com\/wp-content\/uploads\/2021\/03\/sqio_001.png 500w, https:\/\/get.sunquickrecipe.com\/wp-content\/uploads\/2021\/03\/sqio_001-300x300.png 300w, https:\/\/get.sunquickrecipe.com\/wp-content\/uploads\/2021\/03\/sqio_001-150x150.png 150w\" sizes=\"(max-width: 500px) 100vw, 500px\" \/>\t\t\t\t\t\t\t\t\t\t\t\t\t\t\t<\/div>\n\t\t\t\t<\/div>\n\t\t\t\t\t<\/div>\n\t\t<\/div>\n\t\t\t\t\t<\/div>\n\t\t<\/section>\n\t\t\t\t<div class=\"elementor-element elementor-element-40c358b dce_masking-none elementor-widget elementor-widget-image\" data-id=\"40c358b\" data-element_type=\"widget\" data-widget_type=\"image.default\">\n\t\t\t\t<div class=\"elementor-widget-container\">\n\t\t\t\t\t\t\t\t\t\t\t\t\t\t\t<img loading=\"lazy\" decoding=\"async\" width=\"600\" height=\"326\" src=\"https:\/\/get.sunquickrecipe.com\/wp-content\/uploads\/2021\/03\/car-retro.png\" class=\"attachment-large size-large wp-image-1658\" alt=\"\" srcset=\"https:\/\/get.sunquickrecipe.com\/wp-content\/uploads\/2021\/03\/car-retro.png 600w, https:\/\/get.sunquickrecipe.com\/wp-content\/uploads\/2021\/03\/car-retro-300x163.png 300w\" sizes=\"(max-width: 600px) 100vw, 600px\" \/>\t\t\t\t\t\t\t\t\t\t\t\t\t\t\t<\/div>\n\t\t\t\t<\/div>\n\t\t\t\t\t<\/div>\n\t\t<\/div>\n\t\t\t\t\t<\/div>\n\t\t<\/section>\n\t\t\t\t<section class=\"elementor-section elementor-top-section elementor-element elementor-element-c25fe69 elementor-section-boxed elementor-section-height-default elementor-section-height-default\" data-id=\"c25fe69\" data-element_type=\"section\" data-settings=\"{&quot;background_background&quot;:&quot;classic&quot;}\">\n\t\t\t\t\t\t<div class=\"elementor-container elementor-column-gap-default\">\n\t\t\t\t\t<div class=\"elementor-column elementor-col-100 elementor-top-column elementor-element elementor-element-90d81d6\" data-id=\"90d81d6\" data-element_type=\"column\">\n\t\t\t<div class=\"elementor-widget-wrap elementor-element-populated\">\n\t\t\t\t\t\t<div class=\"elementor-element elementor-element-47bdbc2 elementor-widget elementor-widget-heading\" data-id=\"47bdbc2\" data-element_type=\"widget\" data-widget_type=\"heading.default\">\n\t\t\t\t<div class=\"elementor-widget-container\">\n\t\t\t\t\t<h4 class=\"elementor-heading-title elementor-size-default\">DI S\u1ea2N C\u1ee6A CH\u00daNG T\u00d4I<\/h4>\t\t\t\t<\/div>\n\t\t\t\t<\/div>\n\t\t\t\t<div class=\"elementor-element elementor-element-58e725b elementor-widget elementor-widget-spacer\" data-id=\"58e725b\" data-element_type=\"widget\" data-widget_type=\"spacer.default\">\n\t\t\t\t<div class=\"elementor-widget-container\">\n\t\t\t\t\t\t\t<div class=\"elementor-spacer\">\n\t\t\t<div class=\"elementor-spacer-inner\"><\/div>\n\t\t<\/div>\n\t\t\t\t\t\t<\/div>\n\t\t\t\t<\/div>\n\t\t\t\t<div class=\"elementor-element elementor-element-141bb38 elementor-widget elementor-widget-text-editor\" data-id=\"141bb38\" data-element_type=\"widget\" data-widget_type=\"text-editor.default\">\n\t\t\t\t<div class=\"elementor-widget-container\">\n\t\t\t\t\t\t\t\t\t<p>Trong th\u1eadp ni\u00ean 1960, hai anh em Jep v\u00e0 Flemming Petersen \u0111\u00e3 ph\u00e1t tri\u1ec3n v\u00e0 tung ra s\u1ea3n ph\u1ea9m \u0111\u1ed9c \u0111\u00e1o c\u1ee7a h\u1ecd l\u00e0 Sunquick Cam \u0110\u1eadm \u0111\u1eb7c, \u0111\u1ea1t \u0111\u01b0\u1ee3c m\u1ee5c ti\u00eau c\u1ee7a h\u1ecd l\u00e0 t\u1ea1o ra m\u1ed9t th\u1ee9c u\u1ed1ng \u0111\u1eb7c th\u00f9 th\u00f4ng qua vi\u1ec7c c\u00f4 \u0111\u1eb7c n\u01b0\u1edbc cam \u00e9p t\u1ef1 nhi\u00ean. Th\u1ee9c u\u1ed1ng Sunquick mang \u0111\u1ebfn c\u1ea3m quan v\u00e0 h\u01b0\u01a1ng v\u1ecb gi\u1ed1ng nh\u01b0 n\u01b0\u1edbc cam \u00e9p t\u1ef1 nhi\u00ean v\u00e0 nhanh ch\u00f3ng \u0111\u01b0\u1ee3c bi\u1ebft \u0111\u1ebfn nh\u01b0 l\u00e0 m\u1ed9t th\u1ee9c u\u1ed1ng gia \u0111\u00ecnh g\u1eafn li\u1ec1n v\u1edbi nh\u1eefng kho\u1ea3nh kh\u1eafc chia s\u1ebb ni\u1ec1m vui b\u00ean nh\u1eefng ng\u01b0\u1eddi y\u00eau th\u01b0\u01a1ng.<\/p>\t\t\t\t\t\t\t\t<\/div>\n\t\t\t\t<\/div>\n\t\t\t\t\t<\/div>\n\t\t<\/div>\n\t\t\t\t\t<\/div>\n\t\t<\/section>\n\t\t\t\t<section class=\"elementor-section elementor-top-section elementor-element elementor-element-2a753a1 elementor-section-boxed elementor-section-height-default elementor-section-height-default\" data-id=\"2a753a1\" data-element_type=\"section\">\n\t\t\t\t\t\t<div class=\"elementor-container elementor-column-gap-default\">\n\t\t\t\t\t<div class=\"elementor-column elementor-col-100 elementor-top-column elementor-element elementor-element-d5abc75\" data-id=\"d5abc75\" data-element_type=\"column\">\n\t\t\t<div class=\"elementor-widget-wrap elementor-element-populated\">\n\t\t\t\t\t\t<div class=\"elementor-element elementor-element-4c79fea dce_masking-none elementor-widget elementor-widget-image\" data-id=\"4c79fea\" data-element_type=\"widget\" data-widget_type=\"image.default\">\n\t\t\t\t<div class=\"elementor-widget-container\">\n\t\t\t\t\t\t\t\t\t\t\t\t\t\t\t<img loading=\"lazy\" decoding=\"async\" width=\"380\" height=\"502\" src=\"https:\/\/get.sunquickrecipe.com\/wp-content\/uploads\/2021\/03\/sqio_vintage.jpeg\" class=\"attachment-full size-full wp-image-1662\" alt=\"\" srcset=\"https:\/\/get.sunquickrecipe.com\/wp-content\/uploads\/2021\/03\/sqio_vintage.jpeg 380w, https:\/\/get.sunquickrecipe.com\/wp-content\/uploads\/2021\/03\/sqio_vintage-227x300.jpeg 227w\" sizes=\"(max-width: 380px) 100vw, 380px\" \/>\t\t\t\t\t\t\t\t\t\t\t\t\t\t\t<\/div>\n\t\t\t\t<\/div>\n\t\t\t\t<div class=\"elementor-element elementor-element-1b6a72d elementor-widget elementor-widget-spacer\" data-id=\"1b6a72d\" data-element_type=\"widget\" data-widget_type=\"spacer.default\">\n\t\t\t\t<div class=\"elementor-widget-container\">\n\t\t\t\t\t\t\t<div class=\"elementor-spacer\">\n\t\t\t<div class=\"elementor-spacer-inner\"><\/div>\n\t\t<\/div>\n\t\t\t\t\t\t<\/div>\n\t\t\t\t<\/div>\n\t\t\t\t<div class=\"elementor-element elementor-element-97112a9 dce_masking-none elementor-widget elementor-widget-image\" data-id=\"97112a9\" data-element_type=\"widget\" data-widget_type=\"image.default\">\n\t\t\t\t<div class=\"elementor-widget-container\">\n\t\t\t\t\t\t\t\t\t\t\t\t\t\t\t<img loading=\"lazy\" decoding=\"async\" width=\"1280\" height=\"664\" src=\"https:\/\/get.sunquickrecipe.com\/wp-content\/uploads\/2021\/03\/brandstory.jpeg\" class=\"attachment-full size-full wp-image-1663\" alt=\"\" srcset=\"https:\/\/get.sunquickrecipe.com\/wp-content\/uploads\/2021\/03\/brandstory.jpeg 1280w, https:\/\/get.sunquickrecipe.com\/wp-content\/uploads\/2021\/03\/brandstory-300x156.jpeg 300w, https:\/\/get.sunquickrecipe.com\/wp-content\/uploads\/2021\/03\/brandstory-1024x531.jpeg 1024w, https:\/\/get.sunquickrecipe.com\/wp-content\/uploads\/2021\/03\/brandstory-768x398.jpeg 768w\" sizes=\"(max-width: 1280px) 100vw, 1280px\" \/>\t\t\t\t\t\t\t\t\t\t\t\t\t\t\t<\/div>\n\t\t\t\t<\/div>\n\t\t\t\t\t<\/div>\n\t\t<\/div>\n\t\t\t\t\t<\/div>\n\t\t<\/section>\n\t\t\t\t<section class=\"elementor-section elementor-top-section elementor-element elementor-element-8707d08 elementor-section-boxed elementor-section-height-default elementor-section-height-default\" data-id=\"8707d08\" data-element_type=\"section\" data-settings=\"{&quot;background_background&quot;:&quot;classic&quot;}\">\n\t\t\t\t\t\t<div class=\"elementor-container elementor-column-gap-default\">\n\t\t\t\t\t<div class=\"elementor-column elementor-col-100 elementor-top-column elementor-element elementor-element-0f002f3\" data-id=\"0f002f3\" data-element_type=\"column\">\n\t\t\t<div class=\"elementor-widget-wrap elementor-element-populated\">\n\t\t\t\t\t\t<div class=\"elementor-element elementor-element-6c20a5c elementor-widget elementor-widget-heading\" data-id=\"6c20a5c\" data-element_type=\"widget\" data-widget_type=\"heading.default\">\n\t\t\t\t<div class=\"elementor-widget-container\">\n\t\t\t\t\t<h4 class=\"elementor-heading-title elementor-size-default\">SUNQUICK L\u00c0 NI\u1ec0M VUI B\u00caN NHAU<\/h4>\t\t\t\t<\/div>\n\t\t\t\t<\/div>\n\t\t\t\t<div class=\"elementor-element elementor-element-918ece7 elementor-widget elementor-widget-spacer\" data-id=\"918ece7\" data-element_type=\"widget\" data-widget_type=\"spacer.default\">\n\t\t\t\t<div class=\"elementor-widget-container\">\n\t\t\t\t\t\t\t<div class=\"elementor-spacer\">\n\t\t\t<div class=\"elementor-spacer-inner\"><\/div>\n\t\t<\/div>\n\t\t\t\t\t\t<\/div>\n\t\t\t\t<\/div>\n\t\t\t\t<div class=\"elementor-element elementor-element-d137576 elementor-widget elementor-widget-text-editor\" data-id=\"d137576\" data-element_type=\"widget\" data-widget_type=\"text-editor.default\">\n\t\t\t\t<div class=\"elementor-widget-container\">\n\t\t\t\t\t\t\t\t\t<p>Ni\u1ec1m vui c\u1ee7a m\u1ed7i ng\u01b0\u1eddi m\u1ed7i kh\u00e1c \u2013 m\u1ed9t h\u01b0\u01a1ng v\u1ecb, m\u1ed9t c\u1ea3m x\u00fac, m\u1ed9t k\u1ef7 ni\u1ec7m, m\u1ed9t kho\u1ea3nh kh\u1eafc tuy\u1ec7t v\u1eddi n\u00e0o \u0111\u00f3... \u0110\u1ed1i v\u1edbi Sunquick, ch\u00fang t\u00f4i tin r\u1eb1ng cu\u1ed9c s\u1ed1ng c\u1ea7n tr\u00e0n ng\u1eadp ni\u1ec1m vui c\u00f3 th\u1ec3 chia s\u1ebb v\u1edbi nhau \u2013 cho d\u00f9 \u1edf nh\u00e0, trong m\u1ed9t chuy\u1ebfn h\u00e0nh tr\u00ecnh, c\u00f9ng v\u1edbi gia \u0111\u00ecnh v\u00e0 b\u1ea1n b\u00e8 \u2013 trong nh\u1eefng d\u1ecbp \u0111\u1eb7c bi\u1ec7t v\u00e0 nh\u1eefng t\u00ecnh hu\u1ed1ng \u0111\u1eddi th\u01b0\u1eddng.<\/p><p>Khi \u0111\u1ebfn v\u1edbi Sunquick, \u0111i\u1ec1u quan tr\u1ecdng l\u00e0 chia s\u1ebb v\u1edbi nhau m\u1ed9t lo\u1ea1i th\u1ee9c u\u1ed1ng l\u00e0nh m\u1ea1nh v\u1edbi h\u01b0\u01a1ng v\u1ecb t\u01b0\u01a1i ngon, b\u1ed5 d\u01b0\u1ee1ng v\u00e0 mang \u0111\u1ebfn c\u1ea3m gi\u00e1c h\u01b0ng ph\u1ea5n. M\u1ed9t lo\u1ea1i th\u1ee9c u\u1ed1ng c\u00f3 ngu\u1ed3n g\u1ed1c t\u1eeb thi\u00ean nhi\u00ean, mang h\u01b0\u01a1ng v\u1ecb cam v\u00e0 nhi\u1ec1u h\u01b0\u01a1ng v\u1ecb kh\u00e1c n\u1eefa. Nh\u1eefng c\u1ea3m gi\u00e1c t\u01b0\u01a1i m\u1edbi m\u00e0 c\u00e1c s\u1ea3n ph\u1ea9m Sunquick mang l\u1ea1i gi\u00fap b\u1ea1n c\u00f3 \u0111\u01b0\u1ee3c nh\u1eefng ph\u00fat gi\u00e2y th\u01b0 gi\u00e3n ngay trong th\u1ebf gi\u1edbi hi\u1ec7n \u0111\u1ea1i nhi\u1ec1u \u00e1p l\u1ef1c ng\u00e0y nay... \u0111\u1ec3 chia s\u1ebb ni\u1ec1m vui b\u00ean nhau, chia s\u1ebb nh\u1eefng kho\u1ea3nh kh\u1eafc tuy\u1ec7t v\u1eddi b\u00ean nhau.<\/p>\t\t\t\t\t\t\t\t<\/div>\n\t\t\t\t<\/div>\n\t\t\t\t<div class=\"elementor-element elementor-element-8c917da elementor-widget elementor-widget-spacer\" data-id=\"8c917da\" data-element_type=\"widget\" data-widget_type=\"spacer.default\">\n\t\t\t\t<div class=\"elementor-widget-container\">\n\t\t\t\t\t\t\t<div class=\"elementor-spacer\">\n\t\t\t<div class=\"elementor-spacer-inner\"><\/div>\n\t\t<\/div>\n\t\t\t\t\t\t<\/div>\n\t\t\t\t<\/div>\n\t\t\t\t\t<\/div>\n\t\t<\/div>\n\t\t\t\t\t<\/div>\n\t\t<\/section>\n\t\t\t\t<\/div>","protected":false},"excerpt":{"rendered":"<p>International brand SUNQUICK is made with high quality fruit juice. It contains vitamin C and does not contain artificial flavors, colours or sweeteners Since the launch of the Sunquick Concentrate in 1966, we have developed a long tradition of expansion and have established our brand in many new markets. Today we are present in more [&hellip;]<\/p>","protected":false},"author":1,"featured_media":0,"parent":0,"menu_order":44,"comment_status":"closed","ping_status":"closed","template":"","meta":{"footnotes":""},"class_list":["post-1527","page","type-page","status-publish","hentry"],"_links":{"self":[{"href":"https:\/\/get.sunquickrecipe.com\/vi\/wp-json\/wp\/v2\/pages\/1527","targetHints":{"allow":["GET"]}}],"collection":[{"href":"https:\/\/get.sunquickrecipe.com\/vi\/wp-json\/wp\/v2\/pages"}],"about":[{"href":"https:\/\/get.sunquickrecipe.com\/vi\/wp-json\/wp\/v2\/types\/page"}],"author":[{"embeddable":true,"href":"https:\/\/get.sunquickrecipe.com\/vi\/wp-json\/wp\/v2\/users\/1"}],"replies":[{"embeddable":true,"href":"https:\/\/get.sunquickrecipe.com\/vi\/wp-json\/wp\/v2\/comments?post=1527"}],"version-history":[{"count":1,"href":"https:\/\/get.sunquickrecipe.com\/vi\/wp-json\/wp\/v2\/pages\/1527\/revisions"}],"predecessor-version":[{"id":5415,"href":"https:\/\/get.sunquickrecipe.com\/vi\/wp-json\/wp\/v2\/pages\/1527\/revisions\/5415"}],"wp:attachment":[{"href":"https:\/\/get.sunquickrecipe.com\/vi\/wp-json\/wp\/v2\/media?parent=1527"}],"curies":[{"name":"wp","href":"https:\/\/api.w.org\/{rel}","templated":true}]}}